{"id":8,"date":"2023-11-30T11:27:35","date_gmt":"2023-11-30T10:27:35","guid":{"rendered":"https:\/\/www.svenskmediakonsult.se\/?page_id=8"},"modified":"2025-09-23T14:12:47","modified_gmt":"2025-09-23T12:12:47","slug":"startsida","status":"publish","type":"page","link":"https:\/\/www.svenskmediakonsult.se\/","title":{"rendered":"Startsida"},"content":{"rendered":"\n<div style=\"height:80px\" aria-hidden=\"true\" class=\"wp-block-spacer\"><\/div>\n\n\n\n<div class=\"wp-block-columns is-layout-flex wp-container-core-columns-is-layout-9d6595d7 wp-block-columns-is-layout-flex\">\n<div class=\"wp-block-column is-layout-flow wp-block-column-is-layout-flow\">\n<div class=\"wp-block-getwid-advanced-heading has-custom-font-size fs-mobile-70\" style=\"font-size:87px;margin-top:0px\"><span class=\"wp-block-getwid-advanced-heading__content has-text-color has-neve-link-color-color\" style=\"text-align:center;font-family:&quot;K2D&quot;;font-weight:800;line-height:60px;padding-top:40px\">En byr\u00e5 att lita p\u00e5.<\/span><\/div>\n\n\n\n<div class=\"wp-block-columns is-layout-flex wp-container-core-columns-is-layout-9d6595d7 wp-block-columns-is-layout-flex\">\n<div class=\"wp-block-column is-layout-flow wp-block-column-is-layout-flow\">\n<div class=\"wp-block-getwid-advanced-heading has-custom-font-size fs-mobile-70\" style=\"font-size:40px\"><span class=\"wp-block-getwid-advanced-heading__content\" style=\"text-align:center;font-family:&quot;K2D&quot;;font-weight:normal;line-height:35px;padding-top:30px\">Vi skapar ditt n\u00e4sta lyckade projekt.<\/span><\/div>\n<\/div>\n<\/div>\n<\/div>\n<\/div>\n\n\n\n<hr class=\"wp-block-separator has-alpha-channel-opacity\"\/>\n\n\n\n<div class=\"wp-block-group is-vertical is-layout-flex wp-container-core-group-is-layout-a881b424 wp-block-group-is-layout-flex\" style=\"border-radius:0px;padding-top:0;padding-right:0px;padding-bottom:0;padding-left:0px\">\n<div class=\"wp-block-getwid-advanced-heading has-custom-font-size\" style=\"font-size:26px\"><span class=\"wp-block-getwid-advanced-heading__content\" style=\"font-family:&quot;K2D&quot;;font-weight:normal\"><strong>Vi hj\u00e4lper er att synas<\/strong><\/span><\/div>\n\n\n\n<div class=\"wp-block-group is-nowrap is-layout-flex wp-container-core-group-is-layout-ad2f72ca wp-block-group-is-layout-flex\">\n<div class=\"wp-block-getwid-advanced-heading has-custom-font-size\" style=\"font-size:18px\"><span class=\"wp-block-getwid-advanced-heading__content\" style=\"font-family:&quot;K2D&quot;;font-weight:normal;line-height:26px\">Svensk Mediakonsult \u00e4r byr\u00e5n som engagerar. Vare sig det \u00e4r digitalt eller tryck, \u00e4r vi det sj\u00e4lvklara valet att skapa n\u00e4sta lyckade projekt. Dessutom har vi v\u00e5ra tidsskrifter \u2013 tidningarna KHaktuellt, Fastighetsmarknaden, Destination V\u00e4rmland och Destination V\u00e4nern (L\u00e4s mer om v\u00e5ra turistidningar h\u00e4r: <a href=\"https:\/\/www.destinationv\u00e4rmland.se\" target=\"_blank\" rel=\"noreferrer noopener\">Destination V\u00e4rmland<\/a>. Vi har breda kunskaper inom kommunikation, produktion och mediestrategi, d\u00e4r inget jobb \u00e4r f\u00f6r stort eller f\u00f6r litet. V\u00e5ra medarbetare arbetar med alla t\u00e4nkbara uppdrag som formgivning av trycksaker, logotyper eller grafiska profiler. <br><br>I v\u00e5ra tidningar KHaktuellt och Fastighetsmarknaden hj\u00e4lper vi er att synas. De \u00e4r tv\u00e5 av Karlstads \u00e4ldsta gratistidningar d\u00e4r KHaktuellt b\u00f6rjade ges ut redan 1991 till b\u00e5de hush\u00e5ll och f\u00f6retag i s\u00f6dra V\u00e4rmland. Tidningen Fastighetsmarknaden \u00e4r V\u00e4rmlands st\u00f6rsta bygg- och botidning och profilerar sig starkt p\u00e5 marknaden. Precis som KHaktuellt \u00e4r den fylld med lokala reportage, dock med fokus p\u00e5 allt som har med hemmet att g\u00f6ra. Med tidningen f\u00f6ljer ocks\u00e5 bilagan V\u00e4rmland v\u00e4xer, ett forum d\u00e4r l\u00e4nets tillv\u00e4xt och olika byggen bevakas. <br><br>P\u00e5 Svensk Mediakonsult ser vi positivt p\u00e5 framtiden. V\u00e5r intention \u00e4r att forts\u00e4tta utvecklas, arbeta strategiskt och n\u00e4ra v\u00e5ra l\u00e4sare.<\/span><\/div>\n<\/div>\n<\/div>\n\n\n\n<div style=\"height:40px\" aria-hidden=\"true\" class=\"wp-block-spacer\"><\/div>\n","protected":false},"excerpt":{"rendered":"","protected":false},"author":1,"featured_media":0,"parent":0,"menu_order":0,"comment_status":"closed","ping_status":"closed","template":"","meta":{"neve_meta_sidebar":"","neve_meta_container":"contained","neve_meta_enable_content_width":"","neve_meta_content_width":0,"neve_meta_title_alignment":"","neve_meta_author_avatar":"","neve_post_elements_order":"","neve_meta_disable_header":"","neve_meta_disable_footer":"","neve_meta_disable_title":"on","footnotes":""},"class_list":["post-8","page","type-page","status-publish","hentry"],"yoast_head":"<!-- This site is optimized with the Yoast SEO plugin v23.7 - https:\/\/yoast.com\/wordpress\/plugins\/seo\/ -->\n<title>Startsida - svenskmediakonsult<\/title>\n<meta name=\"description\" content=\"Svensk Mediakonsult \u00e4r byr\u00e5n som engagerar. Vare sig det \u00e4r digitalt eller tryck, \u00e4r vi det sj\u00e4lvklara valet att skapa n\u00e4sta lyckade projekt. Dessutom har vi v\u00e5ra tre tidsskrifter \u2013 tidningarna KHaktuellt, Fastighetsmarknaden och Destination V\u00e4rmland. Vi har breda kunskaper inom kommunikation, produktion och mediestrategi, d\u00e4r inget jobb \u00e4r f\u00f6r stort eller f\u00f6r litet.\" \/>\n<meta name=\"robots\" content=\"index, follow, max-snippet:-1, max-image-preview:large, max-video-preview:-1\" \/>\n<link rel=\"canonical\" href=\"https:\/\/www.svenskmediakonsult.se\/\" \/>\n<meta property=\"og:locale\" content=\"sv_SE\" \/>\n<meta property=\"og:type\" content=\"article\" \/>\n<meta property=\"og:title\" content=\"Startsida - svenskmediakonsult\" \/>\n<meta property=\"og:description\" content=\"Svensk Mediakonsult \u00e4r byr\u00e5n som engagerar. Vare sig det \u00e4r digitalt eller tryck, \u00e4r vi det sj\u00e4lvklara valet att skapa n\u00e4sta lyckade projekt. Dessutom har vi v\u00e5ra tre tidsskrifter \u2013 tidningarna KHaktuellt, Fastighetsmarknaden och Destination V\u00e4rmland. Vi har breda kunskaper inom kommunikation, produktion och mediestrategi, d\u00e4r inget jobb \u00e4r f\u00f6r stort eller f\u00f6r litet.\" \/>\n<meta property=\"og:url\" content=\"https:\/\/www.svenskmediakonsult.se\/\" \/>\n<meta property=\"og:site_name\" content=\"svenskmediakonsult\" \/>\n<meta property=\"article:publisher\" content=\"https:\/\/www.facebook.com\/svenskmediakonsult\/\" \/>\n<meta property=\"article:modified_time\" content=\"2025-09-23T12:12:47+00:00\" \/>\n<meta name=\"twitter:card\" content=\"summary_large_image\" \/>\n<meta name=\"twitter:label1\" content=\"Ber\u00e4knad l\u00e4stid\" \/>\n\t<meta name=\"twitter:data1\" content=\"1 minut\" \/>\n<script type=\"application\/ld+json\" class=\"yoast-schema-graph\">{\"@context\":\"https:\/\/schema.org\",\"@graph\":[{\"@type\":\"WebPage\",\"@id\":\"https:\/\/www.svenskmediakonsult.se\/\",\"url\":\"https:\/\/www.svenskmediakonsult.se\/\",\"name\":\"Startsida - svenskmediakonsult\",\"isPartOf\":{\"@id\":\"https:\/\/www.svenskmediakonsult.se\/#website\"},\"datePublished\":\"2023-11-30T10:27:35+00:00\",\"dateModified\":\"2025-09-23T12:12:47+00:00\",\"description\":\"Svensk Mediakonsult \u00e4r byr\u00e5n som engagerar. Vare sig det \u00e4r digitalt eller tryck, \u00e4r vi det sj\u00e4lvklara valet att skapa n\u00e4sta lyckade projekt. Dessutom har vi v\u00e5ra tre tidsskrifter \u2013 tidningarna KHaktuellt, Fastighetsmarknaden och Destination V\u00e4rmland. Vi har breda kunskaper inom kommunikation, produktion och mediestrategi, d\u00e4r inget jobb \u00e4r f\u00f6r stort eller f\u00f6r litet.\",\"breadcrumb\":{\"@id\":\"https:\/\/www.svenskmediakonsult.se\/#breadcrumb\"},\"inLanguage\":\"sv-SE\",\"potentialAction\":[{\"@type\":\"ReadAction\",\"target\":[\"https:\/\/www.svenskmediakonsult.se\/\"]}]},{\"@type\":\"BreadcrumbList\",\"@id\":\"https:\/\/www.svenskmediakonsult.se\/#breadcrumb\",\"itemListElement\":[{\"@type\":\"ListItem\",\"position\":1,\"name\":\"Hem\",\"item\":\"https:\/\/www.svenskmediakonsult.se\/\"},{\"@type\":\"ListItem\",\"position\":2,\"name\":\"Startsida\"}]},{\"@type\":\"WebSite\",\"@id\":\"https:\/\/www.svenskmediakonsult.se\/#website\",\"url\":\"https:\/\/www.svenskmediakonsult.se\/\",\"name\":\"svenskmediakonsult\",\"description\":\"En byr\u00e5 att lita p\u00e5\",\"publisher\":{\"@id\":\"https:\/\/www.svenskmediakonsult.se\/#organization\"},\"potentialAction\":[{\"@type\":\"SearchAction\",\"target\":{\"@type\":\"EntryPoint\",\"urlTemplate\":\"https:\/\/www.svenskmediakonsult.se\/?s={search_term_string}\"},\"query-input\":{\"@type\":\"PropertyValueSpecification\",\"valueRequired\":true,\"valueName\":\"search_term_string\"}}],\"inLanguage\":\"sv-SE\"},{\"@type\":\"Organization\",\"@id\":\"https:\/\/www.svenskmediakonsult.se\/#organization\",\"name\":\"svenskmediakonsult\",\"url\":\"https:\/\/www.svenskmediakonsult.se\/\",\"logo\":{\"@type\":\"ImageObject\",\"inLanguage\":\"sv-SE\",\"@id\":\"https:\/\/www.svenskmediakonsult.se\/#\/schema\/logo\/image\/\",\"url\":\"https:\/\/www.svenskmediakonsult.se\/wp-content\/uploads\/2024\/10\/SMKrgb.png\",\"contentUrl\":\"https:\/\/www.svenskmediakonsult.se\/wp-content\/uploads\/2024\/10\/SMKrgb.png\",\"width\":358,\"height\":236,\"caption\":\"svenskmediakonsult\"},\"image\":{\"@id\":\"https:\/\/www.svenskmediakonsult.se\/#\/schema\/logo\/image\/\"},\"sameAs\":[\"https:\/\/www.facebook.com\/svenskmediakonsult\/\"]}]}<\/script>\n<!-- \/ Yoast SEO plugin. -->","yoast_head_json":{"title":"Startsida - svenskmediakonsult","description":"Svensk Mediakonsult \u00e4r byr\u00e5n som engagerar. Vare sig det \u00e4r digitalt eller tryck, \u00e4r vi det sj\u00e4lvklara valet att skapa n\u00e4sta lyckade projekt. Dessutom har vi v\u00e5ra tre tidsskrifter \u2013 tidningarna KHaktuellt, Fastighetsmarknaden och Destination V\u00e4rmland. Vi har breda kunskaper inom kommunikation, produktion och mediestrategi, d\u00e4r inget jobb \u00e4r f\u00f6r stort eller f\u00f6r litet.","robots":{"index":"index","follow":"follow","max-snippet":"max-snippet:-1","max-image-preview":"max-image-preview:large","max-video-preview":"max-video-preview:-1"},"canonical":"https:\/\/www.svenskmediakonsult.se\/","og_locale":"sv_SE","og_type":"article","og_title":"Startsida - svenskmediakonsult","og_description":"Svensk Mediakonsult \u00e4r byr\u00e5n som engagerar. Vare sig det \u00e4r digitalt eller tryck, \u00e4r vi det sj\u00e4lvklara valet att skapa n\u00e4sta lyckade projekt. Dessutom har vi v\u00e5ra tre tidsskrifter \u2013 tidningarna KHaktuellt, Fastighetsmarknaden och Destination V\u00e4rmland. Vi har breda kunskaper inom kommunikation, produktion och mediestrategi, d\u00e4r inget jobb \u00e4r f\u00f6r stort eller f\u00f6r litet.","og_url":"https:\/\/www.svenskmediakonsult.se\/","og_site_name":"svenskmediakonsult","article_publisher":"https:\/\/www.facebook.com\/svenskmediakonsult\/","article_modified_time":"2025-09-23T12:12:47+00:00","twitter_card":"summary_large_image","twitter_misc":{"Ber\u00e4knad l\u00e4stid":"1 minut"},"schema":{"@context":"https:\/\/schema.org","@graph":[{"@type":"WebPage","@id":"https:\/\/www.svenskmediakonsult.se\/","url":"https:\/\/www.svenskmediakonsult.se\/","name":"Startsida - svenskmediakonsult","isPartOf":{"@id":"https:\/\/www.svenskmediakonsult.se\/#website"},"datePublished":"2023-11-30T10:27:35+00:00","dateModified":"2025-09-23T12:12:47+00:00","description":"Svensk Mediakonsult \u00e4r byr\u00e5n som engagerar. Vare sig det \u00e4r digitalt eller tryck, \u00e4r vi det sj\u00e4lvklara valet att skapa n\u00e4sta lyckade projekt. Dessutom har vi v\u00e5ra tre tidsskrifter \u2013 tidningarna KHaktuellt, Fastighetsmarknaden och Destination V\u00e4rmland. Vi har breda kunskaper inom kommunikation, produktion och mediestrategi, d\u00e4r inget jobb \u00e4r f\u00f6r stort eller f\u00f6r litet.","breadcrumb":{"@id":"https:\/\/www.svenskmediakonsult.se\/#breadcrumb"},"inLanguage":"sv-SE","potentialAction":[{"@type":"ReadAction","target":["https:\/\/www.svenskmediakonsult.se\/"]}]},{"@type":"BreadcrumbList","@id":"https:\/\/www.svenskmediakonsult.se\/#breadcrumb","itemListElement":[{"@type":"ListItem","position":1,"name":"Hem","item":"https:\/\/www.svenskmediakonsult.se\/"},{"@type":"ListItem","position":2,"name":"Startsida"}]},{"@type":"WebSite","@id":"https:\/\/www.svenskmediakonsult.se\/#website","url":"https:\/\/www.svenskmediakonsult.se\/","name":"svenskmediakonsult","description":"En byr\u00e5 att lita p\u00e5","publisher":{"@id":"https:\/\/www.svenskmediakonsult.se\/#organization"},"potentialAction":[{"@type":"SearchAction","target":{"@type":"EntryPoint","urlTemplate":"https:\/\/www.svenskmediakonsult.se\/?s={search_term_string}"},"query-input":{"@type":"PropertyValueSpecification","valueRequired":true,"valueName":"search_term_string"}}],"inLanguage":"sv-SE"},{"@type":"Organization","@id":"https:\/\/www.svenskmediakonsult.se\/#organization","name":"svenskmediakonsult","url":"https:\/\/www.svenskmediakonsult.se\/","logo":{"@type":"ImageObject","inLanguage":"sv-SE","@id":"https:\/\/www.svenskmediakonsult.se\/#\/schema\/logo\/image\/","url":"https:\/\/www.svenskmediakonsult.se\/wp-content\/uploads\/2024\/10\/SMKrgb.png","contentUrl":"https:\/\/www.svenskmediakonsult.se\/wp-content\/uploads\/2024\/10\/SMKrgb.png","width":358,"height":236,"caption":"svenskmediakonsult"},"image":{"@id":"https:\/\/www.svenskmediakonsult.se\/#\/schema\/logo\/image\/"},"sameAs":["https:\/\/www.facebook.com\/svenskmediakonsult\/"]}]}},"_links":{"self":[{"href":"https:\/\/www.svenskmediakonsult.se\/index.php?rest_route=\/wp\/v2\/pages\/8","targetHints":{"allow":["GET"]}}],"collection":[{"href":"https:\/\/www.svenskmediakonsult.se\/index.php?rest_route=\/wp\/v2\/pages"}],"about":[{"href":"https:\/\/www.svenskmediakonsult.se\/index.php?rest_route=\/wp\/v2\/types\/page"}],"author":[{"embeddable":true,"href":"https:\/\/www.svenskmediakonsult.se\/index.php?rest_route=\/wp\/v2\/users\/1"}],"replies":[{"embeddable":true,"href":"https:\/\/www.svenskmediakonsult.se\/index.php?rest_route=%2Fwp%2Fv2%2Fcomments&post=8"}],"version-history":[{"count":69,"href":"https:\/\/www.svenskmediakonsult.se\/index.php?rest_route=\/wp\/v2\/pages\/8\/revisions"}],"predecessor-version":[{"id":275,"href":"https:\/\/www.svenskmediakonsult.se\/index.php?rest_route=\/wp\/v2\/pages\/8\/revisions\/275"}],"wp:attachment":[{"href":"https:\/\/www.svenskmediakonsult.se\/index.php?rest_route=%2Fwp%2Fv2%2Fmedia&parent=8"}],"curies":[{"name":"wp","href":"https:\/\/api.w.org\/{rel}","templated":true}]}}