{"id":42,"date":"2023-11-30T11:27:44","date_gmt":"2023-11-30T10:27:44","guid":{"rendered":"https:\/\/www.svenskmediakonsult.se\/?page_id=42"},"modified":"2025-09-23T14:09:05","modified_gmt":"2025-09-23T12:09:05","slug":"tidningar","status":"publish","type":"page","link":"https:\/\/www.svenskmediakonsult.se\/?page_id=42","title":{"rendered":"Tidningar"},"content":{"rendered":"\n<div style=\"height:50px\" aria-hidden=\"true\" class=\"wp-block-spacer\"><\/div>\n\n\n\n<div class=\"wp-block-getwid-advanced-heading has-custom-font-size\" style=\"font-size:40px\"><span class=\"wp-block-getwid-advanced-heading__content\" style=\"font-family:&quot;K2D&quot;;font-weight:600\">V\u00e5ra tidningar<\/span><\/div>\n\n\n\n<div style=\"height:20px\" aria-hidden=\"true\" class=\"wp-block-spacer\"><\/div>\n\n\n\n<div class=\"wp-block-columns is-layout-flex wp-container-core-columns-is-layout-9d6595d7 wp-block-columns-is-layout-flex\">\n<div class=\"wp-block-column is-layout-flow wp-block-column-is-layout-flow\">\n<figure class=\"wp-block-image size-full\"><img fetchpriority=\"high\" decoding=\"async\" width=\"500\" height=\"688\" src=\"https:\/\/www.svenskmediakonsult.se\/wp-content\/uploads\/2025\/09\/KH8-25.webp\" alt=\"\" class=\"wp-image-259\" srcset=\"https:\/\/www.svenskmediakonsult.se\/wp-content\/uploads\/2025\/09\/KH8-25.webp 500w, https:\/\/www.svenskmediakonsult.se\/wp-content\/uploads\/2025\/09\/KH8-25-218x300.webp 218w\" sizes=\"(max-width: 500px) 100vw, 500px\" \/><\/figure>\n\n\n\n<div style=\"height:10px\" aria-hidden=\"true\" class=\"wp-block-spacer\"><\/div>\n\n\n\n<div class=\"wp-block-getwid-advanced-heading has-custom-font-size\" style=\"font-size:24px\"><span class=\"wp-block-getwid-advanced-heading__content\" style=\"font-family:&quot;K2D&quot;;font-weight:800\">KHaktuellt<\/span><\/div>\n\n\n\n<div class=\"wp-block-getwid-advanced-heading has-custom-font-size\" style=\"font-size:16px\"><span class=\"wp-block-getwid-advanced-heading__content\" style=\"font-family:&quot;K2D&quot;;font-weight:normal;line-height:22px\">KHaktuellt startade 1992 och \u00e4r en av V\u00e4rmlands \u00e4ldsta gratistidningar. Vi \u00e4r en del av Svensk mediakonsult AB.<br>Tidningen \u00e4r politiskt obunden och ges ut elva g\u00e5nger om \u00e5ret plus ett sommarnummer.&nbsp;<br>Tidningen delas ut i l\u00e5dorna till boende i kommunerna Karlstad, Hammar\u00f6, Forshaga och Kil. Den hittas ocks\u00e5 i v\u00e5ra tidningsst\u00e4ll.<br><a href=\"https:\/\/khaktuellt.com\/\" target=\"_blank\" rel=\"noreferrer noopener\">https:\/\/khaktuellt.com\/<\/a><\/span><\/div>\n<\/div>\n\n\n\n<div class=\"wp-block-column is-layout-flow wp-block-column-is-layout-flow\" style=\"flex-basis:10px\"><\/div>\n\n\n\n<div class=\"wp-block-column is-layout-flow wp-block-column-is-layout-flow\">\n<figure class=\"wp-block-image size-full is-resized\"><img decoding=\"async\" width=\"283\" height=\"396\" src=\"https:\/\/www.svenskmediakonsult.se\/wp-content\/uploads\/2025\/09\/FM4-25.png\" alt=\"\" class=\"wp-image-261\" style=\"width:335px;height:auto\" srcset=\"https:\/\/www.svenskmediakonsult.se\/wp-content\/uploads\/2025\/09\/FM4-25.png 283w, https:\/\/www.svenskmediakonsult.se\/wp-content\/uploads\/2025\/09\/FM4-25-214x300.png 214w\" sizes=\"(max-width: 283px) 100vw, 283px\" \/><\/figure>\n\n\n\n<div style=\"height:10px\" aria-hidden=\"true\" class=\"wp-block-spacer\"><\/div>\n\n\n\n<div class=\"wp-block-getwid-advanced-heading has-custom-font-size\" style=\"font-size:24px\"><span class=\"wp-block-getwid-advanced-heading__content\" style=\"font-family:&quot;K2D&quot;;font-weight:800\">Fastighetsmarknaden<\/span><\/div>\n\n\n\n<div class=\"wp-block-getwid-advanced-heading has-custom-font-size\" style=\"font-size:16px\"><span class=\"wp-block-getwid-advanced-heading__content\" style=\"font-family:&quot;K2D&quot;;font-weight:normal;line-height:22px\">Fastighetsmarknaden startade 1993 och \u00e4r en av V\u00e4rmlands \u00e4ldsta gratistidningar. Vi \u00e4r en del av Svensk mediakonsult AB.<br>Tidningen \u00e4r politiskt obunden och ges ut sex g\u00e5nger om \u00e5ret till boende i kommunerna Karlstad, Hammar\u00f6, Forshaga och Kil. Den hittas ocks\u00e5 i v\u00e5ra tidningsst\u00e4ll<br><a href=\"https:\/\/fastighetsmarknaden.com\/\" target=\"_blank\" rel=\"noreferrer noopener\">https:\/\/fastighetsmarknaden.com\/<\/a><\/span><\/div>\n<\/div>\n\n\n\n<div class=\"wp-block-column is-layout-flow wp-block-column-is-layout-flow\" style=\"flex-basis:10px\"><\/div>\n\n\n\n<div class=\"wp-block-column is-layout-flow wp-block-column-is-layout-flow\">\n<figure class=\"wp-block-image size-full has-custom-border\"><img decoding=\"async\" width=\"500\" height=\"690\" src=\"https:\/\/www.svenskmediakonsult.se\/wp-content\/uploads\/2025\/05\/DV-25.png\" alt=\"Destination V\u00e4rmland 2025\" class=\"wp-image-245\" style=\"border-width:1px\" srcset=\"https:\/\/www.svenskmediakonsult.se\/wp-content\/uploads\/2025\/05\/DV-25.png 500w, https:\/\/www.svenskmediakonsult.se\/wp-content\/uploads\/2025\/05\/DV-25-217x300.png 217w\" sizes=\"(max-width: 500px) 100vw, 500px\" \/><\/figure>\n\n\n\n<div style=\"height:10px\" aria-hidden=\"true\" class=\"wp-block-spacer\"><\/div>\n\n\n\n<div class=\"wp-block-getwid-advanced-heading has-custom-font-size\" style=\"font-size:24px\"><span class=\"wp-block-getwid-advanced-heading__content\" style=\"font-family:&quot;K2D&quot;;font-weight:800\">Destination V\u00e4rmland<\/span><\/div>\n\n\n\n<div class=\"wp-block-getwid-advanced-heading has-custom-font-size\" style=\"font-size:16px\"><span class=\"wp-block-getwid-advanced-heading__content\" style=\"font-family:&quot;K2D&quot;;font-weight:normal;line-height:22px\">Visit V\u00e4rmland kommer \u00e4ven under 2025 att samarbeta med Svensk Mediakonsult som tar fram magasinet Destination V\u00e4rmland f\u00f6r att visa V\u00e4rmlands attraktiva utbud.<br>Inneh\u00e5llet och de redaktionella texterna kommer \u00e4ven att publiceras p\u00e5\u00a0<a href=\"http:\/\/visitvarmland.com\/\" target=\"_blank\" rel=\"noreferrer noopener\">visitvarmland.com<\/a>. Det g\u00f6r att vi tillsammans kan lyfta V\u00e4rmlands attraktiva upplevelser och platser \u00e4nnu mer!\u00a0<a href=\"https:\/\/visitvarmland.com\/destination-varmland\" target=\"_blank\" rel=\"noreferrer noopener\">https:\/\/visitvarmland.com\/destination-varmland<\/a><\/span><\/div>\n<\/div>\n<\/div>\n","protected":false},"excerpt":{"rendered":"","protected":false},"author":1,"featured_media":0,"parent":0,"menu_order":0,"comment_status":"closed","ping_status":"closed","template":"","meta":{"neve_meta_sidebar":"","neve_meta_container":"","neve_meta_enable_content_width":"","neve_meta_content_width":0,"neve_meta_title_alignment":"","neve_meta_author_avatar":"","neve_post_elements_order":"","neve_meta_disable_header":"","neve_meta_disable_footer":"","neve_meta_disable_title":"on","footnotes":""},"class_list":["post-42","page","type-page","status-publish","hentry"],"yoast_head":"<!-- This site is optimized with the Yoast SEO plugin v23.7 - https:\/\/yoast.com\/wordpress\/plugins\/seo\/ -->\n<title>Tidningar - svenskmediakonsult<\/title>\n<meta name=\"description\" content=\"Vi producerar tidningarna KHaktuellt, Fastighetsmarknaden och Destination V\u00e4rmland\" \/>\n<meta name=\"robots\" content=\"index, follow, max-snippet:-1, max-image-preview:large, max-video-preview:-1\" \/>\n<link rel=\"canonical\" href=\"https:\/\/www.svenskmediakonsult.se\/?page_id=42\" \/>\n<meta property=\"og:locale\" content=\"sv_SE\" \/>\n<meta property=\"og:type\" content=\"article\" \/>\n<meta property=\"og:title\" content=\"Tidningar - svenskmediakonsult\" \/>\n<meta property=\"og:description\" content=\"Vi producerar tidningarna KHaktuellt, Fastighetsmarknaden och Destination V\u00e4rmland\" \/>\n<meta property=\"og:url\" content=\"https:\/\/www.svenskmediakonsult.se\/?page_id=42\" \/>\n<meta property=\"og:site_name\" content=\"svenskmediakonsult\" \/>\n<meta property=\"article:publisher\" content=\"https:\/\/www.facebook.com\/svenskmediakonsult\/\" \/>\n<meta property=\"article:modified_time\" content=\"2025-09-23T12:09:05+00:00\" \/>\n<meta property=\"og:image\" content=\"https:\/\/www.svenskmediakonsult.se\/wp-content\/uploads\/2025\/09\/KH8-25.webp\" \/>\n\t<meta property=\"og:image:width\" content=\"500\" \/>\n\t<meta property=\"og:image:height\" content=\"688\" \/>\n\t<meta property=\"og:image:type\" content=\"image\/webp\" \/>\n<meta name=\"twitter:card\" content=\"summary_large_image\" \/>\n<meta name=\"twitter:label1\" content=\"Ber\u00e4knad l\u00e4stid\" \/>\n\t<meta name=\"twitter:data1\" content=\"2 minuter\" \/>\n<script type=\"application\/ld+json\" class=\"yoast-schema-graph\">{\"@context\":\"https:\/\/schema.org\",\"@graph\":[{\"@type\":\"WebPage\",\"@id\":\"https:\/\/www.svenskmediakonsult.se\/?page_id=42\",\"url\":\"https:\/\/www.svenskmediakonsult.se\/?page_id=42\",\"name\":\"Tidningar - svenskmediakonsult\",\"isPartOf\":{\"@id\":\"https:\/\/www.svenskmediakonsult.se\/#website\"},\"primaryImageOfPage\":{\"@id\":\"https:\/\/www.svenskmediakonsult.se\/?page_id=42#primaryimage\"},\"image\":{\"@id\":\"https:\/\/www.svenskmediakonsult.se\/?page_id=42#primaryimage\"},\"thumbnailUrl\":\"https:\/\/www.svenskmediakonsult.se\/wp-content\/uploads\/2025\/09\/KH8-25.webp\",\"datePublished\":\"2023-11-30T10:27:44+00:00\",\"dateModified\":\"2025-09-23T12:09:05+00:00\",\"description\":\"Vi producerar tidningarna KHaktuellt, Fastighetsmarknaden och Destination V\u00e4rmland\",\"breadcrumb\":{\"@id\":\"https:\/\/www.svenskmediakonsult.se\/?page_id=42#breadcrumb\"},\"inLanguage\":\"sv-SE\",\"potentialAction\":[{\"@type\":\"ReadAction\",\"target\":[\"https:\/\/www.svenskmediakonsult.se\/?page_id=42\"]}]},{\"@type\":\"ImageObject\",\"inLanguage\":\"sv-SE\",\"@id\":\"https:\/\/www.svenskmediakonsult.se\/?page_id=42#primaryimage\",\"url\":\"https:\/\/www.svenskmediakonsult.se\/wp-content\/uploads\/2025\/09\/KH8-25.webp\",\"contentUrl\":\"https:\/\/www.svenskmediakonsult.se\/wp-content\/uploads\/2025\/09\/KH8-25.webp\",\"width\":500,\"height\":688},{\"@type\":\"BreadcrumbList\",\"@id\":\"https:\/\/www.svenskmediakonsult.se\/?page_id=42#breadcrumb\",\"itemListElement\":[{\"@type\":\"ListItem\",\"position\":1,\"name\":\"Hem\",\"item\":\"https:\/\/www.svenskmediakonsult.se\/\"},{\"@type\":\"ListItem\",\"position\":2,\"name\":\"Tidningar\"}]},{\"@type\":\"WebSite\",\"@id\":\"https:\/\/www.svenskmediakonsult.se\/#website\",\"url\":\"https:\/\/www.svenskmediakonsult.se\/\",\"name\":\"svenskmediakonsult\",\"description\":\"En byr\u00e5 att lita p\u00e5\",\"publisher\":{\"@id\":\"https:\/\/www.svenskmediakonsult.se\/#organization\"},\"potentialAction\":[{\"@type\":\"SearchAction\",\"target\":{\"@type\":\"EntryPoint\",\"urlTemplate\":\"https:\/\/www.svenskmediakonsult.se\/?s={search_term_string}\"},\"query-input\":{\"@type\":\"PropertyValueSpecification\",\"valueRequired\":true,\"valueName\":\"search_term_string\"}}],\"inLanguage\":\"sv-SE\"},{\"@type\":\"Organization\",\"@id\":\"https:\/\/www.svenskmediakonsult.se\/#organization\",\"name\":\"svenskmediakonsult\",\"url\":\"https:\/\/www.svenskmediakonsult.se\/\",\"logo\":{\"@type\":\"ImageObject\",\"inLanguage\":\"sv-SE\",\"@id\":\"https:\/\/www.svenskmediakonsult.se\/#\/schema\/logo\/image\/\",\"url\":\"https:\/\/www.svenskmediakonsult.se\/wp-content\/uploads\/2024\/10\/SMKrgb.png\",\"contentUrl\":\"https:\/\/www.svenskmediakonsult.se\/wp-content\/uploads\/2024\/10\/SMKrgb.png\",\"width\":358,\"height\":236,\"caption\":\"svenskmediakonsult\"},\"image\":{\"@id\":\"https:\/\/www.svenskmediakonsult.se\/#\/schema\/logo\/image\/\"},\"sameAs\":[\"https:\/\/www.facebook.com\/svenskmediakonsult\/\"]}]}<\/script>\n<!-- \/ Yoast SEO plugin. -->","yoast_head_json":{"title":"Tidningar - svenskmediakonsult","description":"Vi producerar tidningarna KHaktuellt, Fastighetsmarknaden och Destination V\u00e4rmland","robots":{"index":"index","follow":"follow","max-snippet":"max-snippet:-1","max-image-preview":"max-image-preview:large","max-video-preview":"max-video-preview:-1"},"canonical":"https:\/\/www.svenskmediakonsult.se\/?page_id=42","og_locale":"sv_SE","og_type":"article","og_title":"Tidningar - svenskmediakonsult","og_description":"Vi producerar tidningarna KHaktuellt, Fastighetsmarknaden och Destination V\u00e4rmland","og_url":"https:\/\/www.svenskmediakonsult.se\/?page_id=42","og_site_name":"svenskmediakonsult","article_publisher":"https:\/\/www.facebook.com\/svenskmediakonsult\/","article_modified_time":"2025-09-23T12:09:05+00:00","og_image":[{"width":500,"height":688,"url":"https:\/\/www.svenskmediakonsult.se\/wp-content\/uploads\/2025\/09\/KH8-25.webp","type":"image\/webp"}],"twitter_card":"summary_large_image","twitter_misc":{"Ber\u00e4knad l\u00e4stid":"2 minuter"},"schema":{"@context":"https:\/\/schema.org","@graph":[{"@type":"WebPage","@id":"https:\/\/www.svenskmediakonsult.se\/?page_id=42","url":"https:\/\/www.svenskmediakonsult.se\/?page_id=42","name":"Tidningar - svenskmediakonsult","isPartOf":{"@id":"https:\/\/www.svenskmediakonsult.se\/#website"},"primaryImageOfPage":{"@id":"https:\/\/www.svenskmediakonsult.se\/?page_id=42#primaryimage"},"image":{"@id":"https:\/\/www.svenskmediakonsult.se\/?page_id=42#primaryimage"},"thumbnailUrl":"https:\/\/www.svenskmediakonsult.se\/wp-content\/uploads\/2025\/09\/KH8-25.webp","datePublished":"2023-11-30T10:27:44+00:00","dateModified":"2025-09-23T12:09:05+00:00","description":"Vi producerar tidningarna KHaktuellt, Fastighetsmarknaden och Destination V\u00e4rmland","breadcrumb":{"@id":"https:\/\/www.svenskmediakonsult.se\/?page_id=42#breadcrumb"},"inLanguage":"sv-SE","potentialAction":[{"@type":"ReadAction","target":["https:\/\/www.svenskmediakonsult.se\/?page_id=42"]}]},{"@type":"ImageObject","inLanguage":"sv-SE","@id":"https:\/\/www.svenskmediakonsult.se\/?page_id=42#primaryimage","url":"https:\/\/www.svenskmediakonsult.se\/wp-content\/uploads\/2025\/09\/KH8-25.webp","contentUrl":"https:\/\/www.svenskmediakonsult.se\/wp-content\/uploads\/2025\/09\/KH8-25.webp","width":500,"height":688},{"@type":"BreadcrumbList","@id":"https:\/\/www.svenskmediakonsult.se\/?page_id=42#breadcrumb","itemListElement":[{"@type":"ListItem","position":1,"name":"Hem","item":"https:\/\/www.svenskmediakonsult.se\/"},{"@type":"ListItem","position":2,"name":"Tidningar"}]},{"@type":"WebSite","@id":"https:\/\/www.svenskmediakonsult.se\/#website","url":"https:\/\/www.svenskmediakonsult.se\/","name":"svenskmediakonsult","description":"En byr\u00e5 att lita p\u00e5","publisher":{"@id":"https:\/\/www.svenskmediakonsult.se\/#organization"},"potentialAction":[{"@type":"SearchAction","target":{"@type":"EntryPoint","urlTemplate":"https:\/\/www.svenskmediakonsult.se\/?s={search_term_string}"},"query-input":{"@type":"PropertyValueSpecification","valueRequired":true,"valueName":"search_term_string"}}],"inLanguage":"sv-SE"},{"@type":"Organization","@id":"https:\/\/www.svenskmediakonsult.se\/#organization","name":"svenskmediakonsult","url":"https:\/\/www.svenskmediakonsult.se\/","logo":{"@type":"ImageObject","inLanguage":"sv-SE","@id":"https:\/\/www.svenskmediakonsult.se\/#\/schema\/logo\/image\/","url":"https:\/\/www.svenskmediakonsult.se\/wp-content\/uploads\/2024\/10\/SMKrgb.png","contentUrl":"https:\/\/www.svenskmediakonsult.se\/wp-content\/uploads\/2024\/10\/SMKrgb.png","width":358,"height":236,"caption":"svenskmediakonsult"},"image":{"@id":"https:\/\/www.svenskmediakonsult.se\/#\/schema\/logo\/image\/"},"sameAs":["https:\/\/www.facebook.com\/svenskmediakonsult\/"]}]}},"_links":{"self":[{"href":"https:\/\/www.svenskmediakonsult.se\/index.php?rest_route=\/wp\/v2\/pages\/42","targetHints":{"allow":["GET"]}}],"collection":[{"href":"https:\/\/www.svenskmediakonsult.se\/index.php?rest_route=\/wp\/v2\/pages"}],"about":[{"href":"https:\/\/www.svenskmediakonsult.se\/index.php?rest_route=\/wp\/v2\/types\/page"}],"author":[{"embeddable":true,"href":"https:\/\/www.svenskmediakonsult.se\/index.php?rest_route=\/wp\/v2\/users\/1"}],"replies":[{"embeddable":true,"href":"https:\/\/www.svenskmediakonsult.se\/index.php?rest_route=%2Fwp%2Fv2%2Fcomments&post=42"}],"version-history":[{"count":16,"href":"https:\/\/www.svenskmediakonsult.se\/index.php?rest_route=\/wp\/v2\/pages\/42\/revisions"}],"predecessor-version":[{"id":262,"href":"https:\/\/www.svenskmediakonsult.se\/index.php?rest_route=\/wp\/v2\/pages\/42\/revisions\/262"}],"wp:attachment":[{"href":"https:\/\/www.svenskmediakonsult.se\/index.php?rest_route=%2Fwp%2Fv2%2Fmedia&parent=42"}],"curies":[{"name":"wp","href":"https:\/\/api.w.org\/{rel}","templated":true}]}}